{"id":6495,"date":"2024-06-09T12:05:19","date_gmt":"2024-06-09T12:05:19","guid":{"rendered":"https:\/\/babylux.ba\/?post_type=product&#038;p=6495"},"modified":"2024-06-09T12:06:09","modified_gmt":"2024-06-09T12:06:09","slug":"adoro-next-to-me-krevetic-2","status":"publish","type":"product","link":"https:\/\/babylux.ba\/bs\/product\/adoro-next-to-me-krevetic-2\/","title":{"rendered":"Adoro\u201d next to me kreveti\u0107"},"content":{"rendered":"<p>Super prakti\u010dan, lagan, kompaktan next to me kreveti\u0107 \u010dini no\u0107i puno lak\u0161im za roditelja, te omogu\u0107avaju roditelju da uvijek bude uz novoro\u0111enu bebu.<\/p>\n<p>\u2705Prikladno za sve vrste kreveta s minimalnom visinom od 50 cm od poda i maksimalnom 80 cm.<br \/>\n\u2705Madrac uklju\u010den<br \/>\n\u2705Visina se mo\u017ee podesiti u jedan od 7 polo\u017eaja, a kreveti\u0107 se mo\u017ee nagnuti pod uglom od 30\u00b0 kako bi se olak\u0161ala probava Va\u0161e bebe, pobolj\u0161alo disanje i kontrolirao refluks.<br \/>\n\u2705Ima 4 to\u010dka sa grani\u010dnicima za lak\u0161e pomicanje.<br \/>\n\u2705Izuzetno udoban madrac i mekane stranice dr\u017ee Va\u0161u bebu u pravom polo\u017eaju i \u010duvaju je sigurno.<br \/>\n\u2705Mo\u017ee se koristiti kao normalan kreveti\u0107.<br \/>\n\u2705Tu je mre\u017ea protiv komaraca i ko\u0161ara za pribor.<br \/>\n\u2705dostupan u vi\u0161e boja<\/p>","protected":false},"excerpt":{"rendered":"<p>Super prakti\u010dan, lagan, kompaktan next to me kreveti\u0107 \u010dini no\u0107i puno lak\u0161im za roditelja, te omogu\u0107avaju roditelju da uvijek bude uz novoro\u0111enu bebu. \u2705Prikladno za sve vrste kreveta s minimalnom visinom od 50 cm od poda i maksimalnom 80 cm. \u2705Madrac uklju\u010den \u2705Visina se mo\u017ee podesiti u jedan od 7 polo\u017eaja, a kreveti\u0107 se mo\u017ee [&hellip;]<\/p>","protected":false},"featured_media":6496,"comment_status":"open","ping_status":"closed","template":"","meta":{"_et_pb_use_builder":"","_et_pb_old_content":"","_et_gb_content_width":""},"product_cat":[25,36],"product_tag":[],"class_list":["post-6495","product","type-product","status-publish","has-post-thumbnail","hentry","product_cat-beba-u-kuci","product_cat-kolijevke"],"jetpack_sharing_enabled":true,"_links":{"self":[{"href":"https:\/\/babylux.ba\/bs\/wp-json\/wp\/v2\/product\/6495","targetHints":{"allow":["GET"]}}],"collection":[{"href":"https:\/\/babylux.ba\/bs\/wp-json\/wp\/v2\/product"}],"about":[{"href":"https:\/\/babylux.ba\/bs\/wp-json\/wp\/v2\/types\/product"}],"replies":[{"embeddable":true,"href":"https:\/\/babylux.ba\/bs\/wp-json\/wp\/v2\/comments?post=6495"}],"wp:featuredmedia":[{"embeddable":true,"href":"https:\/\/babylux.ba\/bs\/wp-json\/wp\/v2\/media\/6496"}],"wp:attachment":[{"href":"https:\/\/babylux.ba\/bs\/wp-json\/wp\/v2\/media?parent=6495"}],"wp:term":[{"taxonomy":"product_cat","embeddable":true,"href":"https:\/\/babylux.ba\/bs\/wp-json\/wp\/v2\/product_cat?post=6495"},{"taxonomy":"product_tag","embeddable":true,"href":"https:\/\/babylux.ba\/bs\/wp-json\/wp\/v2\/product_tag?post=6495"}],"curies":[{"name":"wp","href":"https:\/\/api.w.org\/{rel}","templated":true}]}}